{"id":842,"date":"2023-06-12T12:11:09","date_gmt":"2023-06-12T18:11:09","guid":{"rendered":"https:\/\/cenoteando.mx\/?page_id=842"},"modified":"2024-02-12T16:10:12","modified_gmt":"2024-02-12T22:10:12","slug":"cenotes-to-visit","status":"publish","type":"page","link":"https:\/\/cenoteando.mx\/en\/cenotes-to-visit\/","title":{"rendered":"Cenotes to visit"},"content":{"rendered":"<div class=\"job_listings\" data-location=\"\" data-keywords=\"\" data-show_filters=\"true\" data-show_pagination=\"false\" data-per_page=\"10\" data-orderby=\"rand\" data-order=\"DESC\" data-categories=\"\" data-disable-form-state-storage=\"\" data-featured_first=\"false\" data-post_id=\"842\" ><div class=\"myflex\">\n<div class=\"myflex__left\">\n\t<form class=\"job_filters\">\n\t\t\n\t\t<a href=\"#\" class=\"findme  js-find-me\"><\/a>\n\n\t\t<div class=\"search_jobs\">\n\t\t\t\t\t\t<input type=\"hidden\" name=\"search_keywords\" id=\"search_keywords\" value=\"\"\/>\n\n\t\t\t<div class=\"search_location\">\n\t\t\t\t<label for=\"search_location\">Location<\/label>\n\t\t\t\t<input type=\"text\" name=\"search_location\" id=\"search_location\"\n\t\t\t\t       placeholder=\"Location\"\n\t\t\t\t       value=\"\"\/>\n\t\t\t<\/div>\n\n\t\t\t<div class=\"select-categories\">\n\t\t\t\t\n\t\t\t\t\t<div class=\"search_categories\">\n\t\t\t\t\t\t<label for=\"search_categories\">Category<\/label>\n\t\t\t\t\t\t<select name='search_categories[]' id='search_categories' class='job-manager-category-dropdown '  data-placeholder='Choose a category&hellip;' data-no_results_text='No results match' data-multiple_text='Select Some Options'>\n<option value=\"\">Any category<\/option>\t<option class=\"level-0\" value=\"193\">Abal\u00e1<\/option>\n\t<option class=\"level-0\" value=\"196\">Cacao<\/option>\n\t<option class=\"level-0\" value=\"201\">Hom\u00fan<\/option>\n\t<option class=\"level-0\" value=\"200\">Kampepen<\/option>\n\t<option class=\"level-0\" value=\"195\">Lep\u00e1n<\/option>\n\t<option class=\"level-0\" value=\"205\">Mucuych\u00e9<\/option>\n\t<option class=\"level-0\" value=\"204\">Pixyah<\/option>\n\t<option class=\"level-0\" value=\"199\">San Antonio Mulix<\/option>\n\t<option class=\"level-0\" value=\"202\">Sotuta<\/option>\n\t<option class=\"level-0\" value=\"197\">Tecoh<\/option>\n\t<option class=\"level-0\" value=\"203\">Telchaquillo<\/option>\n\t<option class=\"level-0\" value=\"198\">Tetiz<\/option>\n\t<option class=\"level-0\" value=\"194\">Valladolid<\/option>\n<\/select>\n\t\t\t\t\t<\/div>\n\n\t\t\t\t\t\t\t<\/div><!-- .select-categories -->\n\t\t\t\t\t\t\t<div class=\"select-tags\">\n\t\t\t\t\t<select class=\"tags-select\" data-placeholder=\"Filter by tags\"\n\t\t\t\t\t        name=\"job_tag_select\" multiple>\n\t\t\t\t\t\t\t\t\t\t\t\t\t<option value=\"Apto para nadar\">Apto para nadar<\/option>\n\t\t\t\t\t\t\t\t\t\t\t\t\t<option value=\"Camping area\">Camping area<\/option>\n\t\t\t\t\t\t\t\t\t\t\t\t\t<option value=\"Card payment\">Card payment<\/option>\n\t\t\t\t\t\t\t\t\t\t\t\t\t<option value=\"Estacionamiento\">Estacionamiento<\/option>\n\t\t\t\t\t\t\t\t\t\t\t\t\t<option value=\"Hospedaje\">Hospedaje<\/option>\n\t\t\t\t\t\t\t\t\t\t\t\t\t<option value=\"Lodging\">Lodging<\/option>\n\t\t\t\t\t\t\t\t\t\t\t\t\t<option value=\"Pago con tarjeta\">Pago con tarjeta<\/option>\n\t\t\t\t\t\t\t\t\t\t\t\t\t<option value=\"Parking lot\">Parking lot<\/option>\n\t\t\t\t\t\t\t\t\t\t\t\t\t<option value=\"Restaurant Bar\">Restaurant Bar<\/option>\n\t\t\t\t\t\t\t\t\t\t\t\t\t<option value=\"Restaurante\/Bar\">Restaurante\/Bar<\/option>\n\t\t\t\t\t\t\t\t\t\t\t\t\t<option value=\"Suitable for swimming\">Suitable for swimming<\/option>\n\t\t\t\t\t\t\t\t\t\t\t\t\t<option value=\"Zona de acampado\">Zona de acampado<\/option>\n\t\t\t\t\t\t\t\t\t\t\t<\/select>\n\t\t\t\t<\/div>\n\t\t\t\t<div class=\"active-tags\"><\/div>\n\t\t\t<div class=\"filter_wide filter_by_tag\">Filter by tag: <span class=\"filter_by_tag_cloud\"><\/span><\/div>\t\t<\/div><!-- .search_jobs -->\n\n\t\t<div class=\"mobile-buttons\">\n\t\t\t<button class=\"btn btn--filter\">Filter\t\t\t\t<span>Listings<\/span><\/button>\n\t\t\t<button class=\"btn btn--view btn--view-map\"><span>Map View<\/span>\n\t\t\t<\/button>\n\t\t\t<button class=\"btn btn--view btn--view-cards\">\n\t\t\t\t<span>Cards View <\/span><\/button>\n\t\t<\/div>\n\n\t\t\t<ul class=\"job_types\">\n\t\t\t<\/ul>\n\t<input type=\"hidden\" name=\"filter_job_type[]\" value=\"\" \/>\n<div class=\"showing_jobs\"><\/div>\n\t<\/form><!-- .job_filter -->\n\n\t\n\t<noscript>Your browser does not support JavaScript, or it is disabled. JavaScript must be enabled in order to view listings.<\/noscript>\n\n\n<div class=\"grid list job_listings\">\n\n\n\n<\/div><!-- .grid.list.job_listings -->\n<svg class=\"loader\" width=\"40px\" height=\"40px\" viewBox=\"0 0 40 40\" version=\"1.1\" xmlns=\"http:\/\/www.w3.org\/2000\/svg\" xmlns:xlink=\"http:\/\/www.w3.org\/1999\/xlink\">\n    <defs>\n        <linearGradient x1=\"50%\" y1=\"7.52257671%\" x2=\"50%\" y2=\"100%\" id=\"linearGradient-1\">\n            <stop stop-color=\"currentColor\" stop-opacity=\"0.5\" offset=\"0%\"><\/stop>\n            <stop stop-color=\"currentColor\" stop-opacity=\"0\" offset=\"100%\"><\/stop>\n        <\/linearGradient>\n        <linearGradient x1=\"50%\" y1=\"7.70206696%\" x2=\"50%\" y2=\"100%\" id=\"linearGradient-2\">\n            <stop stop-color=\"currentColor\" stop-opacity=\"0.5\" offset=\"0%\"><\/stop>\n            <stop stop-color=\"currentColor\" offset=\"100%\"><\/stop>\n        <\/linearGradient>\n    <\/defs>\n    <g id=\"Page-1\" stroke=\"none\" stroke-width=\"1\" fill=\"none\" fill-rule=\"evenodd\">\n        <g>\n            <path d=\"M20,0 C31.045695,0 40,8.954305 40,20 C40,31.045695 31.045695,40 20,40 L20,38 C29.9411255,38 38,29.9411255 38,20 C38,10.0588745 29.9411255,2 20,2 L20,0 Z\" id=\"Oval-1\" fill=\"url(#linearGradient-1)\"><\/path>\n            <path d=\"M20,0 C8.954305,0 0,8.954305 0,20 C0,31.045695 8.954305,40 20,40 L20,38 C10.0588745,38 2,29.9411255 2,20 C2,10.0588745 10.0588745,2 20,2 L20,0 Z\" id=\"Oval-1-Copy\" fill=\"url(#linearGradient-2)\"><\/path>\n        <\/g>\n    <\/g>\n<\/svg>\n\n<a class=\"load_more_jobs\" href=\"#\" style=\"display:none;\"><strong>Load more listings<\/strong><\/a>\t<\/div><!-- .myflex__left -->\n<div id=\"map\" class=\"map myflex__right\"><\/div>\n<\/div><!-- .myflex -->\n<\/div>\n","protected":false},"excerpt":{"rendered":"Location Category Any category Abal\u00e1 Cacao Hom\u00fan Kampepen Lep\u00e1n Mucuych\u00e9 Pixyah San Antonio Mulix Sotuta Tecoh Telchaquillo Tetiz Valladolid Apto para nadar Camping area Card payment Estacionamiento Hospedaje Lodging Pago con tarjeta Parking lot Restaurant Bar Restaurante\/Bar Suitable for swimming Zona de acampado Filter by tag: Filter Listings Map View Cards View Your browser does [...]","protected":false},"author":1,"featured_media":0,"parent":0,"menu_order":0,"comment_status":"closed","ping_status":"closed","template":"","meta":{"footnotes":""},"class_list":["post-842","page","type-page","status-publish","hentry"],"_links":{"self":[{"href":"https:\/\/cenoteando.mx\/en\/wp-json\/wp\/v2\/pages\/842","targetHints":{"allow":["GET"]}}],"collection":[{"href":"https:\/\/cenoteando.mx\/en\/wp-json\/wp\/v2\/pages"}],"about":[{"href":"https:\/\/cenoteando.mx\/en\/wp-json\/wp\/v2\/types\/page"}],"author":[{"embeddable":true,"href":"https:\/\/cenoteando.mx\/en\/wp-json\/wp\/v2\/users\/1"}],"replies":[{"embeddable":true,"href":"https:\/\/cenoteando.mx\/en\/wp-json\/wp\/v2\/comments?post=842"}],"version-history":[{"count":2,"href":"https:\/\/cenoteando.mx\/en\/wp-json\/wp\/v2\/pages\/842\/revisions"}],"predecessor-version":[{"id":999,"href":"https:\/\/cenoteando.mx\/en\/wp-json\/wp\/v2\/pages\/842\/revisions\/999"}],"wp:attachment":[{"href":"https:\/\/cenoteando.mx\/en\/wp-json\/wp\/v2\/media?parent=842"}],"curies":[{"name":"wp","href":"https:\/\/api.w.org\/{rel}","templated":true}]}}