{"id":3173,"date":"2024-01-26T16:27:38","date_gmt":"2024-01-26T22:27:38","guid":{"rendered":"https:\/\/cenoteando.mx\/expedicions\/"},"modified":"2024-02-12T13:00:43","modified_gmt":"2024-02-12T19:00:43","slug":"expedicions","status":"publish","type":"page","link":"https:\/\/cenoteando.mx\/en\/expedicions\/","title":{"rendered":"Expeditions"},"content":{"rendered":"<div class=\"wpb-content-wrapper\"><p>[vc_row full_width=&#8221;stretch_row&#8221; bg_type=&#8221;bg_color&#8221; fadeout_row=&#8221;fadeout_row_value&#8221; bg_color_value=&#8221;#eaf1d4&#8243;][vc_column]<div id=\"ultv-690\" class=\"ult-dual-color ult-adjust-bottom-margin ult-dual-color-responsive-none ultv-690  \"><div class=\"ult-module-content ult-dual-color-heading\" style=\"text-align:center;\">\n\t\t\t\t\t\t<h3><span class=\"ult-before-heading\">\n\t\t\t\t\t\t\t\t\t<span class=\"ult-dual-heading-text ult-first-text ult-responsive\"  data-ultimate-target='.ult-dual-color.ultv-690 .ult-dual-heading-text'  data-responsive-json-new='{\"font-size\":\"desktop:25px;\",\"line-height\":\"\"}'  style=\"color:#1b2c3a;   letter-spacing:2px;  border-radius:0px;border-width:3px;border-color:#1b2c3a;border-style:solid; font-weight:bold;\">Expedition to the grottos of<\/span>\n\t\t\t\t\t\t\t\t<\/span><span class=\"ult-adv-heading\" style=\"margin-left:20px;margin-right: 20px;\">\n\t\t\t\t\t\t\t\t\t<span class=\"ult-dual-adv-heading-text ult-highlight-text ult-responsive\"  data-ultimate-target='.ult-dual-color.ultv-690 .ult-highlight-text'  data-responsive-json-new='{\"font-size\":\"desktop:25px;\",\"line-height\":\"\"}'  style=\"color:#eaf1d4; background-color:#1b2c3a;  letter-spacing:3px;  border:none; font-weight:bold;\">X \u0301tacumbilxuna\u00e1n, Campeche<\/span>\n\t\t\t\t\t\t\t\t<\/span><\/h3> <\/div><\/div>[vc_empty_space height=&#8221;15px&#8221;]<div id=\"ultimate-heading-21069d78cced71be\" class=\"uvc-heading ult-adjust-bottom-margin ultimate-heading-21069d78cced71be uvc-646 \" data-hspacer=\"no_spacer\"  data-halign=\"center\" style=\"text-align:center\"><div class=\"uvc-heading-spacer no_spacer\" style=\"top\"><\/div><div class=\"uvc-sub-heading ult-responsive\"  data-ultimate-target='.uvc-heading.ultimate-heading-21069d78cced71be .uvc-sub-heading '  data-responsive-json-new='{\"font-size\":\"\",\"line-height\":\"\"}'  style=\"font-weight:bold;color:#1b2c3a;margin-bottom:15px;\">March 6, 2021<\/div><\/div>[\/vc_column][\/vc_row][vc_row full_width=&#8221;stretch_row&#8221; gap=&#8221;15&#8243; content_placement=&#8221;top&#8221; bg_type=&#8221;bg_color&#8221; fadeout_row=&#8221;fadeout_row_value&#8221; bg_color_value=&#8221;#eaf1d4&#8243;][vc_column width=&#8221;1\/2&#8243;][vc_row_inner content_placement=&#8221;middle&#8221; gap=&#8221;25&#8243;][vc_column_inner][vc_custom_heading text=&#8221;Participants<br \/>\nDr. Dorottya Fl\u00f3ra Angyal &#8211; M. en C. Efra\u00edn Ch\u00e1vez Sol\u00eds &#8211; Erick Sosa-Rodr\u00edguez &#8211; Kay Vilchis &#8211; Roberto Romero&#8221; font_container=&#8221;tag:h2|font_size:16|text_align:left|color:%231b2c3a&#8221; use_theme_fonts=&#8221;yes&#8221; link=&#8221;url:https%3A%2F%2Fcenoteando.mx%2Fen%2Fmembers%2F|title:Members&#8221;][vc_empty_space][vc_custom_heading text=&#8221;On March 6, 2021, the members of our working group went on an expedition to the caves of the X&#8217;tacumbilxuna\u00e1n caves, in Campeche, in order to collect samples of the endemic underground fauna of the place, and collect specimens of other species of stygobiont crustaceans.<\/p>\n<p>The team made up of Dr. Dorka Angyal and M. en C. Efr\u00e1in Ch\u00e1vez Sol\u00eds, from the Faculty of Sciences UNAM &#8211; UMDI Sisal; the speleologists Erick Sosa-Rodr\u00edguez, Kay Vilchis and Roberto Romero and the local guide of the route Josu\u00e9 David Yam Yam, descended into the cave to carry out the review of the genus Mayaweckelia yucatanensis Holsinger, 1977, and also report curious findings that you will be able to see in the full report they presented.&#8221; font_container=&#8221;tag:h2|font_size:16|text_align:justify|color:%231b2c3a&#8221; use_theme_fonts=&#8221;yes&#8221;][\/vc_column_inner][\/vc_row_inner][vc_row_inner][vc_column_inner]<div id=\"highlight-box-wrap-6213\"  data-ultimate-target='#highlight-box-wrap-6213'  data-responsive-json-new='{\"font-size\":\"desktop:16px;\",\"line-height\":\"\"}'  class=\"ultimate-call-to-action ult-adjust-bottom-margin  ctaction-text-center ult-responsive\" style=\"font-weight:bold;color:#ffffff;background:#00534c;padding-top:20px;padding-bottom:20px;\"  data-background=\"#00534c\"  data-background-hover=\"#496125\"  data-override=\"0\" ><div class=\"uvc-ctaction-data uvc-ctaction-data-no-effect ult-responsive\">Read the full report<\/div><a class=\"ulimate-call-to-action-link\" href=\"https:\/\/drive.google.com\/file\/d\/1XOGThiOuNKLzV8sW0UeGeXk8hCWKoZ4y\/view\" target=\"_blank\" rel=\"noopener\" ><\/a><\/div>[\/vc_column_inner][\/vc_row_inner][\/vc_column][vc_column width=&#8221;1\/2&#8243;][vc_media_grid style=&#8221;pagination&#8221; items_per_page=&#8221;4&#8243; element_width=&#8221;6&#8243; gap=&#8221;10&#8243; arrows_design=&#8221;vc_arrow-icon-arrow_01_left&#8221; arrows_position=&#8221;outside&#8221; arrows_color=&#8221;black&#8221; paging_design=&#8221;point_dots&#8221; paging_color=&#8221;black&#8221; loop=&#8221;yes&#8221; grid_id=&#8221;vc_gid:1707764385216-0dc5f8f0-55b6-7&#8243; include=&#8221;3322,3314,3320,3318,3316,3312,3310&#8243;][\/vc_column][\/vc_row][vc_row full_width=&#8221;stretch_row&#8221; bg_type=&#8221;bg_color&#8221; bg_color_value=&#8221;#1b2c3a&#8221;][vc_column]<div id=\"ultv-2423\" class=\"ult-dual-color ult-adjust-bottom-margin ult-dual-color-responsive-none ultv-2423  \"><div class=\"ult-module-content ult-dual-color-heading\" style=\"text-align:center;\">\n\t\t\t\t\t\t<h3><span class=\"ult-before-heading\">\n\t\t\t\t\t\t\t\t\t<span class=\"ult-dual-heading-text ult-first-text ult-responsive\"  data-ultimate-target='.ult-dual-color.ultv-2423 .ult-dual-heading-text'  data-responsive-json-new='{\"font-size\":\"desktop:25px;\",\"line-height\":\"\"}'  style=\"color:#2099a8;   letter-spacing:2px;  border-radius:0px;border-width:3px;border-color:#edecec;border-style:solid; font-weight:bold;\">Departure to<\/span>\n\t\t\t\t\t\t\t\t<\/span><span class=\"ult-adv-heading\" style=\"margin-left:20px;margin-right: 20px;\">\n\t\t\t\t\t\t\t\t\t<span class=\"ult-dual-adv-heading-text ult-highlight-text ult-responsive\"  data-ultimate-target='.ult-dual-color.ultv-2423 .ult-highlight-text'  data-responsive-json-new='{\"font-size\":\"desktop:25px;\",\"line-height\":\"\"}'  style=\"color:#2099a8; background-color:#edecec;  letter-spacing:3px;  border:none; font-weight:bold;\">Cenote Cauich<\/span>\n\t\t\t\t\t\t\t\t<\/span><\/h3> <\/div><\/div>[vc_empty_space height=&#8221;15px&#8221;]<div id=\"ultimate-heading-442169d78cced72f8\" class=\"uvc-heading ult-adjust-bottom-margin ultimate-heading-442169d78cced72f8 uvc-4898 \" data-hspacer=\"no_spacer\"  data-halign=\"center\" style=\"text-align:center\"><div class=\"uvc-heading-spacer no_spacer\" style=\"top\"><\/div><div class=\"uvc-sub-heading ult-responsive\"  data-ultimate-target='.uvc-heading.ultimate-heading-442169d78cced72f8 .uvc-sub-heading '  data-responsive-json-new='{\"font-size\":\"\",\"line-height\":\"\"}'  style=\"font-weight:bold;color:#ffffff;margin-bottom:15px;\">February 11, 2020<\/div><\/div>[\/vc_column][\/vc_row][vc_row full_width=&#8221;stretch_row&#8221; gap=&#8221;15&#8243; bg_type=&#8221;bg_color&#8221; fadeout_row=&#8221;fadeout_row_value&#8221; bg_color_value=&#8221;#1b2c3a&#8221;][vc_column width=&#8221;1\/2&#8243;][vc_media_grid style=&#8221;pagination&#8221; items_per_page=&#8221;4&#8243; element_width=&#8221;6&#8243; gap=&#8221;10&#8243; arrows_design=&#8221;vc_arrow-icon-arrow_01_left&#8221; arrows_position=&#8221;outside&#8221; arrows_color=&#8221;white&#8221; paging_design=&#8221;point_dots&#8221; paging_color=&#8221;white&#8221; loop=&#8221;yes&#8221; grid_id=&#8221;vc_gid:1707764385219-f9e95f29-e09e-8&#8243; include=&#8221;3388,3380,3394,3384,3392,3358,3360,3362,3364,3366,3368,3370,3372,3374,3376,3378,3382,3386,3390&#8243;][\/vc_column][vc_column width=&#8221;1\/2&#8243;][vc_custom_heading text=&#8221;Participants<br \/>\nDr. Dorottya Fl\u00f3ra Angyal &#8211; Biol. Luis Arturo Li\u00e9vano Beltr\u00e1n &#8211; Jos\u00e9 Enrique Mex Esquivel &#8211; Graciano Hern\u00e1ndez Canul&#8221; font_container=&#8221;tag:h2|font_size:16|text_align:left|color:%232099a8&#8243; use_theme_fonts=&#8221;yes&#8221; link=&#8221;url:https%3A%2F%2Fcenoteando.mx%2Fen%2Fmembers%2F|title:Members&#8221;][vc_empty_space][vc_custom_heading text=&#8221;In this expedition, the Cauich cenote in the El Palmar ecological reserve was visited with the purpose of prospecting the site to determine the presence of stygobiont fauna and the costs associated with logistics.<\/p>\n<p>The departure took place on February 11, 2020 and the team members were Dr. Dorottya Fl\u00f3ra Angyal, Biol. Luis Arturo Li\u00e9vano Beltr\u00e1n, Jos\u00e9 Enrique Mex Esquivel y Graciano Hern\u00e1ndez Canul. A prospecting dive was carried out with which the fauna of interest was not found.<\/p>\n<p>The team made up of Dr. Dorka Angyal and M. en C. Efr\u00e1in Ch\u00e1vez Sol\u00eds, from the Faculty of Sciences UNAM &#8211; UMDI Sisal; the speleologists Erick Sosa-Rodr\u00edguez, Kay Vilchis and Roberto Romero and the local guide of the route Josu\u00e9 David Yam Yam, descended into the cave to carry out the review of the genus Mayaweckelia yucatanensis Holsinger, 1977, and also report curious findings that you will be able to see in the full report they presented.&#8221; font_container=&#8221;tag:h2|font_size:16|text_align:justify|color:%232099a8&#8243; use_theme_fonts=&#8221;yes&#8221;][\/vc_column][\/vc_row][vc_row full_width=&#8221;stretch_row&#8221; bg_type=&#8221;bg_color&#8221; fadeout_row=&#8221;fadeout_row_value&#8221; bg_color_value=&#8221;#eaf1d4&#8243;][vc_column]<div id=\"ultv-4762\" class=\"ult-dual-color ult-adjust-bottom-margin ult-dual-color-responsive-none ultv-4762  \"><div class=\"ult-module-content ult-dual-color-heading\" style=\"text-align:center;\">\n\t\t\t\t\t\t<h3><span class=\"ult-before-heading\">\n\t\t\t\t\t\t\t\t\t<span class=\"ult-dual-heading-text ult-first-text ult-responsive\"  data-ultimate-target='.ult-dual-color.ultv-4762 .ult-dual-heading-text'  data-responsive-json-new='{\"font-size\":\"desktop:25px;\",\"line-height\":\"\"}'  style=\"color:#1b2c3a;   letter-spacing:2px;  border-radius:0px;border-width:3px;border-color:#1b2c3a;border-style:solid; font-weight:bold;\">Departure to<\/span>\n\t\t\t\t\t\t\t\t<\/span><span class=\"ult-adv-heading\" style=\"margin-left:20px;margin-right: 20px;\">\n\t\t\t\t\t\t\t\t\t<span class=\"ult-dual-adv-heading-text ult-highlight-text ult-responsive\"  data-ultimate-target='.ult-dual-color.ultv-4762 .ult-highlight-text'  data-responsive-json-new='{\"font-size\":\"desktop:25px;\",\"line-height\":\"\"}'  style=\"color:#eaf1d4; background-color:#1b2c3a;  letter-spacing:3px;  border:none; font-weight:bold;\">cenote Pol-Ac<\/span>\n\t\t\t\t\t\t\t\t<\/span><\/h3> <\/div><\/div>[vc_empty_space height=&#8221;15px&#8221;]<div id=\"ultimate-heading-874769d78cced739c\" class=\"uvc-heading ult-adjust-bottom-margin ultimate-heading-874769d78cced739c uvc-7646 \" data-hspacer=\"no_spacer\"  data-halign=\"center\" style=\"text-align:center\"><div class=\"uvc-heading-spacer no_spacer\" style=\"top\"><\/div><div class=\"uvc-sub-heading ult-responsive\"  data-ultimate-target='.uvc-heading.ultimate-heading-874769d78cced739c .uvc-sub-heading '  data-responsive-json-new='{\"font-size\":\"\",\"line-height\":\"\"}'  style=\"font-weight:bold;color:#1b2c3a;margin-bottom:15px;\">January 30, 2020<\/div><\/div>[\/vc_column][\/vc_row][vc_row full_width=&#8221;stretch_row&#8221; gap=&#8221;15&#8243; content_placement=&#8221;top&#8221; bg_type=&#8221;bg_color&#8221; fadeout_row=&#8221;fadeout_row_value&#8221; seperator_enable=&#8221;seperator_enable_value&#8221; seperator_type=&#8221;tilt_right_seperator&#8221; seperator_position=&#8221;bottom_seperator&#8221; seperator_svg_height=&#8221;200&#8243; seperator_shape_background=&#8221;#eaf1d4&#8243; bg_color_value=&#8221;#eaf1d4&#8243;][vc_column width=&#8221;1\/2&#8243;][vc_row_inner content_placement=&#8221;middle&#8221; gap=&#8221;25&#8243;][vc_column_inner][vc_custom_heading text=&#8221;Participants<br \/>\nDr. Nuno M\u00e1rques D\u00edas Simoes, la Dra. Dorottya Fl\u00f3ra Angyal, el M. en C. Alberto Sosa Hern\u00e1ndez, el M. en C. Efra\u00edn Miguel Ch\u00e1vez Sol\u00eds, el Biol. Luis Arturo Li\u00e9vano Beltr\u00e1n, el Biol. Daniel Mart\u00ednez, el Biol. \u00d3scar Melo Arias, C\u00e9sar Rojas, Erick Sosa Rodr\u00edguez, Kay Vilchis, Jos\u00e9 Enrique Mex Esquivel y Graciano Hern\u00e1ndez Canul.&#8221; font_container=&#8221;tag:h2|font_size:16|text_align:left|color:%231b2c3a&#8221; use_theme_fonts=&#8221;yes&#8221; link=&#8221;url:https%3A%2F%2Fcenoteando.mx%2Fen%2Fmembers%2F|title:Members&#8221;][vc_empty_space][vc_custom_heading text=&#8221;This expedition had the purpose of taking video material and collecting sediments for metagenomic analysis for Dr. Alejandra Prieto Dav\u00f3 in the Polac cenote found in the El Palmar reserve.<\/p>\n<p>The departure took place on January 30, 2020 and the team members were Dr. Nuno M\u00e1rques D\u00edas Simoes, Dr. Dorottya Fl\u00f3ra Angyal, el M. en C. Alberto Sosa Hern\u00e1ndez, el M. en C. Efra\u00edn Miguel Ch\u00e1vez Sol\u00eds, el Biol. Luis Arturo Li\u00e9vano Beltr\u00e1n, el Biol. Daniel Mart\u00ednez, el Biol. \u00d3scar Melo Arias, C\u00e9sar Rojas, Erick Sosa Rodr\u00edguez, Kay Vilchis, Jos\u00e9 Enrique Mex Esquivel y Graciano Hern\u00e1ndez Canul.<br \/>\nThe entire process of the expedition was documented in conjunction with the sediment collection.&#8221; font_container=&#8221;tag:h2|font_size:16|text_align:justify|color:%231b2c3a&#8221; use_theme_fonts=&#8221;yes&#8221;][\/vc_column_inner][\/vc_row_inner][\/vc_column][vc_column width=&#8221;1\/2&#8243;][vc_media_grid style=&#8221;pagination&#8221; items_per_page=&#8221;4&#8243; element_width=&#8221;6&#8243; gap=&#8221;10&#8243; arrows_design=&#8221;vc_arrow-icon-arrow_01_left&#8221; arrows_position=&#8221;outside&#8221; arrows_color=&#8221;black&#8221; paging_design=&#8221;point_dots&#8221; paging_color=&#8221;black&#8221; loop=&#8221;yes&#8221; grid_id=&#8221;vc_gid:1707764385223-b13f9f14-c437-8&#8243; include=&#8221;3354,3326,3330,3334,3328,3332,3336,3356,3338,3340,3342,3344,3346,3348,3350,3352&#8243;][\/vc_column][\/vc_row][vc_row full_width=&#8221;stretch_row&#8221; bg_type=&#8221;bg_color&#8221; fadeout_row=&#8221;fadeout_row_value&#8221; bg_color_value=&#8221;#1b2c3a&#8221;][vc_column]<div id=\"ultv-5995\" class=\"ult-dual-color ult-adjust-bottom-margin ult-dual-color-responsive-none ultv-5995  \"><div class=\"ult-module-content ult-dual-color-heading\" style=\"text-align:center;\">\n\t\t\t\t\t\t<h3><span class=\"ult-before-heading\">\n\t\t\t\t\t\t\t\t\t<span class=\"ult-dual-heading-text ult-first-text ult-responsive\"  data-ultimate-target='.ult-dual-color.ultv-5995 .ult-dual-heading-text'  data-responsive-json-new='{\"font-size\":\"desktop:25px;\",\"line-height\":\"\"}'  style=\"color:#2099a8;   letter-spacing:2px;  border-radius:0px;border-width:3px;border-color:#edecec;border-style:solid; font-weight:bold;\">Akumal Expedition<\/span>\n\t\t\t\t\t\t\t\t<\/span><span class=\"ult-adv-heading\" style=\"margin-left:20px;margin-right: 20px;\">\n\t\t\t\t\t\t\t\t\t<span class=\"ult-dual-adv-heading-text ult-highlight-text ult-responsive\"  data-ultimate-target='.ult-dual-color.ultv-5995 .ult-highlight-text'  data-responsive-json-new='{\"font-size\":\"desktop:25px;\",\"line-height\":\"\"}'  style=\"color:#2099a8; background-color:#edecec;  letter-spacing:3px;  border:none; font-weight:bold;\">- Tza Itz\u00e1 - Noh Moz\u00f3<\/span>\n\t\t\t\t\t\t\t\t<\/span><\/h3> <\/div><\/div>[vc_empty_space height=&#8221;15px&#8221;]<div id=\"ultimate-heading-8469d78cced7434\" class=\"uvc-heading ult-adjust-bottom-margin ultimate-heading-8469d78cced7434 uvc-2552 \" data-hspacer=\"no_spacer\"  data-halign=\"center\" style=\"text-align:center\"><div class=\"uvc-heading-spacer no_spacer\" style=\"top\"><\/div><div class=\"uvc-sub-heading ult-responsive\"  data-ultimate-target='.uvc-heading.ultimate-heading-8469d78cced7434 .uvc-sub-heading '  data-responsive-json-new='{\"font-size\":\"\",\"line-height\":\"\"}'  style=\"font-weight:bold;color:#ffffff;margin-bottom:15px;\">March 11 to 16, 2019<\/div><\/div>[\/vc_column][\/vc_row][vc_row full_width=&#8221;stretch_row&#8221; gap=&#8221;15&#8243; bg_type=&#8221;bg_color&#8221; fadeout_row=&#8221;fadeout_row_value&#8221; bg_color_value=&#8221;#1b2c3a&#8221;][vc_column width=&#8221;1\/2&#8243;][vc_media_grid style=&#8221;pagination&#8221; items_per_page=&#8221;4&#8243; element_width=&#8221;6&#8243; gap=&#8221;10&#8243; arrows_design=&#8221;vc_arrow-icon-arrow_01_left&#8221; arrows_position=&#8221;outside&#8221; arrows_color=&#8221;white&#8221; paging_design=&#8221;point_dots&#8221; paging_color=&#8221;white&#8221; loop=&#8221;yes&#8221; grid_id=&#8221;vc_gid:1707764385227-6152c5bd-c538-2&#8243; include=&#8221;3324&#8243;][\/vc_column][vc_column width=&#8221;1\/2&#8243;][vc_custom_heading text=&#8221;Participants<br \/>\nDr. Elizabeth Borda &#8211; Dr. Carlos Rosas &#8211; Dra. Maite Mascar\u00f3 Micalaj\u00e1uregui &#8211; Dra. Dorottya Fl\u00f3ra Angyal &#8211; M. en C. Lauren Ballou &#8211; M. en C. Claudia Remes &#8211; M. en C. Efra\u00edn Miguel Ch\u00e1vez Sol\u00eds &#8211; Biol. Luis Arturo Li\u00e9vano Beltr\u00e1n &#8211; Biol. Daniel Mart\u00ednez &#8211; Alejandro Ordiano &#8211; Alberto Guerra&#8221; font_container=&#8221;tag:h2|font_size:16|text_align:left|color:%232099a8&#8243; use_theme_fonts=&#8221;yes&#8221; link=&#8221;url:https%3A%2F%2Fcenoteando.mx%2Fen%2Fmembers%2F|title:Members&#8221;][vc_empty_space][vc_custom_heading text=&#8221;During this outing, the Crustacea cenotes in Akumal, Tza Itz\u00e1 in Tecoh and Noh Moz\u00f3n in Pixyah were visited. In the first one, specimens of the species Typhlatya dzilamensis were collected for Dr. Elizabeth Borda of Texas A&amp;M University, sediments for metagenomic analysis for Dr. Alejandra Prieto Dav\u00f3 from UMDI-Sisal, UNAM, as well as polychaetes of a species in the process of description for Biol. Luis Arturo Li\u00e9vano Beltr\u00e1n. Ecophysiology experiments were carried out in Tza Itz\u00e1 and Noh Moz\u00f3n after collecting specimens of Typhlatya mitchelli for the M. en C doctoral project.<\/p>\n<p>The outing took place from September 11 to 16, 2019 and the team members were Dr. Elizabeth Borda, Dr. Carlos Rosas, Dra. Maite Mascar\u00f3 Micalaj\u00e1uregui, Dr. Dorottya Fl\u00f3ra Angyal, M. en C. Lauren Ballou, la M. en C. Claudia Remes, el M. en C. Efra\u00edn Miguel Ch\u00e1vez Sol\u00eds, Biol. Luis Arturo Li\u00e9vano Beltr\u00e1n, el Biol. Daniel Mart\u00ednez, Alejandro Ordiano and Alberto Guerra. A dive was carried out in each cenote and the experiments were carried out in Noh Moz\u00f3n and Tza Itz\u00e1.<\/p>\n<p>The departure took place on February 11, 2020 and the team members were Dr. Dorottya Fl\u00f3ra Angyal, Biol. Luis Arturo Li\u00e9vano Beltr\u00e1n, Jos\u00e9 Enrique Mex Esquivel y Graciano Hern\u00e1ndez Canul. A prospecting dive was carried out with which the fauna of interest was not found.<\/p>\n<p>The team made up of Dr. Dorka Angyal and M. en C. Efr\u00e1in Ch\u00e1vez Sol\u00eds, from the Faculty of Sciences UNAM &#8211; UMDI Sisal; the speleologists Erick Sosa-Rodr\u00edguez, Kay Vilchis and Roberto Romero and the local guide of the route Josu\u00e9 David Yam Yam, descended into the cave to carry out the review of the genus Mayaweckelia yucatanensis Holsinger, 1977, and also report curious findings that you will be able to see in the full report they presented.&#8221; font_container=&#8221;tag:h2|font_size:16|text_align:justify|color:%232099a8&#8243; use_theme_fonts=&#8221;yes&#8221;][\/vc_column][\/vc_row]<\/p>\n<\/div>","protected":false},"excerpt":{"rendered":"<p>[vc_row full_width=&#8221;stretch_row&#8221; bg_type=&#8221;bg_color&#8221; fadeout_row=&#8221;fadeout_row_value&#8221; bg_color_value=&#8221;#eaf1d4&#8243;][vc_column][vc_empty_space height=&#8221;15px&#8221;][\/vc_column][\/vc_row][vc_row full_width=&#8221;stretch_row&#8221; gap=&#8221;15&#8243; content_placement=&#8221;top&#8221; bg_type=&#8221;bg_color&#8221; fadeout_row=&#8221;fadeout_row_value&#8221; bg_color_value=&#8221;#eaf1d4&#8243;][vc_column width=&#8221;1\/2&#8243;][vc_row_inner content_placement=&#8221;middle&#8221; gap=&#8221;25&#8243;][vc_column_inner][vc_custom_heading text=&#8221;Participants Dr. Dorottya Fl\u00f3ra Angyal &#8211; M. en C. Efra\u00edn Ch\u00e1vez Sol\u00eds &#8211; Erick Sosa-Rodr\u00edguez &#8211; Kay Vilchis &#8211; Roberto Romero&#8221; font_container=&#8221;tag:h2|font_size:16|text_align:left|color:%231b2c3a&#8221; use_theme_fonts=&#8221;yes&#8221; link=&#8221;url:https%3A%2F%2Fcenoteando.mx%2Fen%2Fmembers%2F|title:Members&#8221;][vc_empty_space][vc_custom_heading text=&#8221;On March 6, 2021, the members of our working group went on an expedition to the [&hellip;]<\/p>\n","protected":false},"author":3,"featured_media":3007,"parent":0,"menu_order":0,"comment_status":"closed","ping_status":"closed","template":"","meta":{"footnotes":""},"class_list":["post-3173","page","type-page","status-publish","has-post-thumbnail","hentry"],"_links":{"self":[{"href":"https:\/\/cenoteando.mx\/en\/wp-json\/wp\/v2\/pages\/3173","targetHints":{"allow":["GET"]}}],"collection":[{"href":"https:\/\/cenoteando.mx\/en\/wp-json\/wp\/v2\/pages"}],"about":[{"href":"https:\/\/cenoteando.mx\/en\/wp-json\/wp\/v2\/types\/page"}],"author":[{"embeddable":true,"href":"https:\/\/cenoteando.mx\/en\/wp-json\/wp\/v2\/users\/3"}],"replies":[{"embeddable":true,"href":"https:\/\/cenoteando.mx\/en\/wp-json\/wp\/v2\/comments?post=3173"}],"version-history":[{"count":8,"href":"https:\/\/cenoteando.mx\/en\/wp-json\/wp\/v2\/pages\/3173\/revisions"}],"predecessor-version":[{"id":3396,"href":"https:\/\/cenoteando.mx\/en\/wp-json\/wp\/v2\/pages\/3173\/revisions\/3396"}],"wp:featuredmedia":[{"embeddable":true,"href":"https:\/\/cenoteando.mx\/en\/wp-json\/wp\/v2\/media\/3007"}],"wp:attachment":[{"href":"https:\/\/cenoteando.mx\/en\/wp-json\/wp\/v2\/media?parent=3173"}],"curies":[{"name":"wp","href":"https:\/\/api.w.org\/{rel}","templated":true}]}}