{"id":2219,"date":"2023-10-21T23:03:00","date_gmt":"2023-10-22T05:03:00","guid":{"rendered":"https:\/\/cenoteando.mx\/?page_id=2219"},"modified":"2023-11-13T11:45:38","modified_gmt":"2023-11-13T17:45:38","slug":"datasets","status":"publish","type":"page","link":"https:\/\/cenoteando.mx\/en\/datasets\/","title":{"rendered":"Datasets"},"content":{"rendered":"<p>&nbsp;<\/p>\n<table id=\"wpr-data-table\">\n<thead>\n<tr>\n<th colspan=\"1\">Publication date<\/th>\n<th colspan=\"1\">Title<\/th>\n<th colspan=\"1\">Authors<\/th>\n<th colspan=\"1\">Description<\/th>\n<th colspan=\"1\">Link<\/th>\n<\/tr>\n<\/thead>\n<tbody>\n<tr>\n<td colspan=\"\" rowspan=\"\">12 feb 2020<\/td>\n<td colspan=\"\" rowspan=\"\">New distribution records of subterranean crustaceans from cenotes in Yucatan (Mexico)<\/td>\n<td colspan=\"\" rowspan=\"\">Dorottya Angyal, Efra\u00edn M. Ch\u00e1vez-Sol\u00eds, Luis A. Li\u00e9vano-Beltr\u00e1n, Benjam\u00edn Maga\u00f1a, Nuno Sim\u00f5es, Maite Mascar\u00f3.<\/td>\n<td colspan=\"\" rowspan=\"\">Especies, abundancias y sitios de nuevos registros de crust\u00e1ceos en Yucat\u00e1n.<\/td>\n<td colspan=\"\" rowspan=\"\"><a href=\"https:\/\/public.tableau.com\/app\/profile\/efrain.chavez8557\/viz\/NewdistributionrecordsofsubterraneancrustaceansfromYucatan\/Dashboard1\" target=\"_blank\" rel=\"noopener\"><br \/>\nDownload<br \/>\n<\/a><\/td>\n<\/tr>\n<tr>\n<td colspan=\"\" rowspan=\"\">23 Dic 2020<\/td>\n<td colspan=\"\" rowspan=\"\">Antromysis cenotensis occurrences\/records<\/td>\n<td colspan=\"\" rowspan=\"\">Luis Arturo Li\u00e9vano-Beltr\u00e1n &#8211; Fernando Nuno Dias Marques Sim\u00f5es<\/td>\n<td colspan=\"\" rowspan=\"\">Records\/occurrences for the species Antromysis cenotensis (Crustacea: Peracarida)<\/td>\n<td colspan=\"\" rowspan=\"\"><a href=\"https:\/\/zenodo.org\/record\/4391040#.X-PLM9j7SUl\" target=\"_blank\" rel=\"noopener\"><br \/>\nDownload<br \/>\n<\/a><\/td>\n<\/tr>\n<tr>\n<td colspan=\"\" rowspan=\"\">16 Jun 2018<\/td>\n<td colspan=\"\" rowspan=\"\">Predatory behavior of the cave shrimp Creaseria morleyi (Creaser, 1936) (Caridea: Palaemonidae), the blind hunter of the Yucat\u00e1n<\/td>\n<td colspan=\"\" rowspan=\"\">Ch\u00e1vez-Sol\u00eds, Efra\u00edn Miguel; Mej\u00eda-Ort\u00edz, Luis M.; Sim\u00f5es, Nuno<\/td>\n<td colspan=\"\" rowspan=\"\">Recent studies of the trophic structure of the underwater cave ecosystems in the Yucat\u00e1n Peninsula have regarded the largest<\/td>\n<td colspan=\"\" rowspan=\"\"><a href=\"https:\/\/royal-elementor-addons.com\/\" target=\"_blank\" rel=\"noopener\"><br \/>\nDownload<br \/>\n<\/a><\/td>\n<\/tr>\n<\/tbody>\n<\/table>\n","protected":false},"excerpt":{"rendered":"<p>&nbsp; Publication date Title Authors Description Link 12 feb 2020 New distribution records of subterranean crustaceans from cenotes in Yucatan (Mexico) Dorottya Angyal, Efra\u00edn M. Ch\u00e1vez-Sol\u00eds, Luis A. Li\u00e9vano-Beltr\u00e1n, Benjam\u00edn Maga\u00f1a, Nuno Sim\u00f5es, Maite Mascar\u00f3. Especies, abundancias y sitios de nuevos registros de crust\u00e1ceos en Yucat\u00e1n. Download 23 Dic 2020 Antromysis cenotensis occurrences\/records Luis Arturo [&hellip;]<\/p>\n","protected":false},"author":3,"featured_media":1884,"parent":0,"menu_order":0,"comment_status":"closed","ping_status":"closed","template":"","meta":{"footnotes":""},"class_list":["post-2219","page","type-page","status-publish","has-post-thumbnail","hentry"],"_links":{"self":[{"href":"https:\/\/cenoteando.mx\/en\/wp-json\/wp\/v2\/pages\/2219","targetHints":{"allow":["GET"]}}],"collection":[{"href":"https:\/\/cenoteando.mx\/en\/wp-json\/wp\/v2\/pages"}],"about":[{"href":"https:\/\/cenoteando.mx\/en\/wp-json\/wp\/v2\/types\/page"}],"author":[{"embeddable":true,"href":"https:\/\/cenoteando.mx\/en\/wp-json\/wp\/v2\/users\/3"}],"replies":[{"embeddable":true,"href":"https:\/\/cenoteando.mx\/en\/wp-json\/wp\/v2\/comments?post=2219"}],"version-history":[{"count":4,"href":"https:\/\/cenoteando.mx\/en\/wp-json\/wp\/v2\/pages\/2219\/revisions"}],"predecessor-version":[{"id":2427,"href":"https:\/\/cenoteando.mx\/en\/wp-json\/wp\/v2\/pages\/2219\/revisions\/2427"}],"wp:featuredmedia":[{"embeddable":true,"href":"https:\/\/cenoteando.mx\/en\/wp-json\/wp\/v2\/media\/1884"}],"wp:attachment":[{"href":"https:\/\/cenoteando.mx\/en\/wp-json\/wp\/v2\/media?parent=2219"}],"curies":[{"name":"wp","href":"https:\/\/api.w.org\/{rel}","templated":true}]}}